{"id":1240,"date":"2020-12-29T06:41:14","date_gmt":"2020-12-29T06:41:14","guid":{"rendered":"https:\/\/www.jennylegalnv.com\/labor-employment-law-for-employees\/"},"modified":"2022-01-20T18:50:00","modified_gmt":"2022-01-20T18:50:00","slug":"labor-employment-law-for-employees","status":"publish","type":"page","link":"https:\/\/www.jennylegalnv.com\/es\/labor-employment-law-for-employees\/","title":{"rendered":"Ley de Trabajo y Empleo para trabajadores"},"content":{"rendered":"\t\t<div data-elementor-type=\"wp-page\" data-elementor-id=\"1240\" class=\"elementor elementor-1240 elementor-179\" data-elementor-post-type=\"page\">\n\t\t\t\t\t\t<section class=\"elementor-section elementor-top-section elementor-element elementor-element-329340c1 elementor-section-full_width elementor-section-height-default elementor-section-height-default\" data-id=\"329340c1\" data-element_type=\"section\" data-e-type=\"section\" data-settings=\"{&quot;background_background&quot;:&quot;classic&quot;}\">\n\t\t\t\t\t\t<div class=\"elementor-container elementor-column-gap-default\">\n\t\t\t\t\t<div class=\"elementor-column elementor-col-100 elementor-top-column elementor-element elementor-element-56401afd\" data-id=\"56401afd\" data-element_type=\"column\" data-e-type=\"column\">\n\t\t\t<div class=\"elementor-widget-wrap elementor-element-populated\">\n\t\t\t\t\t\t<div class=\"elementor-element elementor-element-2fcb5611 elementor-widget elementor-widget-heading\" data-id=\"2fcb5611\" data-element_type=\"widget\" data-e-type=\"widget\" data-widget_type=\"heading.default\">\n\t\t\t\t<div class=\"elementor-widget-container\">\n\t\t\t\t\t<h2 class=\"elementor-heading-title elementor-size-default\">Ley de Trabajo y Empleo para trabajadores<\/h2>\t\t\t\t<\/div>\n\t\t\t\t<\/div>\n\t\t\t\t\t<\/div>\n\t\t<\/div>\n\t\t\t\t\t<\/div>\n\t\t<\/section>\n\t\t\t\t<section class=\"elementor-section elementor-top-section elementor-element elementor-element-255c326e elementor-section-boxed elementor-section-height-default elementor-section-height-default\" data-id=\"255c326e\" data-element_type=\"section\" data-e-type=\"section\">\n\t\t\t\t\t\t<div class=\"elementor-container elementor-column-gap-default\">\n\t\t\t\t\t<div class=\"elementor-column elementor-col-100 elementor-top-column elementor-element elementor-element-1fa1fd43\" data-id=\"1fa1fd43\" data-element_type=\"column\" data-e-type=\"column\">\n\t\t\t<div class=\"elementor-widget-wrap elementor-element-populated\">\n\t\t\t\t\t\t<div class=\"elementor-element elementor-element-5bf43700 elementor-widget elementor-widget-heading\" data-id=\"5bf43700\" data-element_type=\"widget\" data-e-type=\"widget\" data-widget_type=\"heading.default\">\n\t\t\t\t<div class=\"elementor-widget-container\">\n\t\t\t\t\t<h4 class=\"elementor-heading-title elementor-size-default\">BUFETE DE ABOGADOS SIRVIENDO EL \u00c1REA DE LAS VEGAS QUE AYUDA TRABAJADORES A RECUPERAR COMPENSACI\u00d3N <\/h4>\t\t\t\t<\/div>\n\t\t\t\t<\/div>\n\t\t\t\t<div class=\"elementor-element elementor-element-3e6a4424 elementor-widget elementor-widget-heading\" data-id=\"3e6a4424\" data-element_type=\"widget\" data-e-type=\"widget\" data-widget_type=\"heading.default\">\n\t\t\t\t<div class=\"elementor-widget-container\">\n\t\t\t\t\t<h2 class=\"elementor-heading-title elementor-size-default\">Abogada de Trabajo y Empleo de Nevada Asiste a Trabajadores\n<\/h2>\t\t\t\t<\/div>\n\t\t\t\t<\/div>\n\t\t\t\t<section class=\"elementor-section elementor-inner-section elementor-element elementor-element-77a5666d elementor-section-boxed elementor-section-height-default elementor-section-height-default\" data-id=\"77a5666d\" data-element_type=\"section\" data-e-type=\"section\">\n\t\t\t\t\t\t<div class=\"elementor-container elementor-column-gap-default\">\n\t\t\t\t\t<div class=\"elementor-column elementor-col-50 elementor-inner-column elementor-element elementor-element-7b884b24\" data-id=\"7b884b24\" data-element_type=\"column\" data-e-type=\"column\">\n\t\t\t<div class=\"elementor-widget-wrap elementor-element-populated\">\n\t\t\t\t\t\t<div class=\"elementor-element elementor-element-67d05dbb elementor-widget elementor-widget-image\" data-id=\"67d05dbb\" data-element_type=\"widget\" data-e-type=\"widget\" data-widget_type=\"image.default\">\n\t\t\t\t<div class=\"elementor-widget-container\">\n\t\t\t\t\t\t\t\t\t\t\t\t\t\t\t<img fetchpriority=\"high\" decoding=\"async\" width=\"750\" height=\"750\" src=\"https:\/\/www.jennylegalnv.com\/wp-content\/uploads\/2021\/04\/Untitled-design-2021-04-22T224123.275.png\" class=\"attachment-large size-large wp-image-1134\" alt=\"\" srcset=\"https:\/\/www.jennylegalnv.com\/wp-content\/uploads\/2021\/04\/Untitled-design-2021-04-22T224123.275.png 1023w, https:\/\/www.jennylegalnv.com\/wp-content\/uploads\/2021\/04\/Untitled-design-2021-04-22T224123.275-300x300.png 300w, https:\/\/www.jennylegalnv.com\/wp-content\/uploads\/2021\/04\/Untitled-design-2021-04-22T224123.275-150x150.png 150w, https:\/\/www.jennylegalnv.com\/wp-content\/uploads\/2021\/04\/Untitled-design-2021-04-22T224123.275-768x768.png 768w\" sizes=\"(max-width: 750px) 100vw, 750px\" style=\"width:100%;height:100%;max-width:1023px\" \/>\t\t\t\t\t\t\t\t\t\t\t\t\t\t\t<\/div>\n\t\t\t\t<\/div>\n\t\t\t\t\t<\/div>\n\t\t<\/div>\n\t\t\t\t<div class=\"elementor-column elementor-col-50 elementor-inner-column elementor-element elementor-element-672d4bde\" data-id=\"672d4bde\" data-element_type=\"column\" data-e-type=\"column\">\n\t\t\t<div class=\"elementor-widget-wrap elementor-element-populated\">\n\t\t\t\t\t\t<div class=\"elementor-element elementor-element-7d804fdc elementor-widget elementor-widget-heading\" data-id=\"7d804fdc\" data-element_type=\"widget\" data-e-type=\"widget\" data-widget_type=\"heading.default\">\n\t\t\t\t<div class=\"elementor-widget-container\">\n\t\t\t\t\t<h3 class=\"elementor-heading-title elementor-size-default\">Podemos ayudar a los clientes con una amplia gama de problemas laborales para los trabajadores en el \u00e1rea de Nevada<\/h3>\t\t\t\t<\/div>\n\t\t\t\t<\/div>\n\t\t\t\t<div class=\"elementor-element elementor-element-474eeb95 elementor-widget elementor-widget-text-editor\" data-id=\"474eeb95\" data-element_type=\"widget\" data-e-type=\"widget\" data-widget_type=\"text-editor.default\">\n\t\t\t\t<div class=\"elementor-widget-container\">\n\t\t\t\t\t\t\t\t\t<p><span style=\"font-weight: 400;\">Los trabajadores tienen derecho a un lugar de trabajo libre de discriminaci\u00f3n ilegal y a recibir los salarios y beneficios que han ganado. Jenny Legal proporciona asesoramiento y defensa para proteger los derechos de los trabajadores en el \u00e1rea de Las Vegas y en todo Nevada en una amplia gama de asuntos de derechos laborales. Ya sea que est\u00e9 lidiando con una administraci\u00f3n abusiva u oportunista, estamos comprometidos a proporcionar un consejo r\u00e1pido y efectivo para cada cliente al que servimos.<\/span><\/p><p><b>Un Bufete de Abogados Competente que Defiende los Derechos de los trabajadores<\/b><\/p><p><span style=\"font-weight: 400;\">Los trabajadores muchas veces dudan de defender sus derechos incluso cuando el maltrato es obvio. Esto puede ser a\u00fan m\u00e1s intimidante si su Empleador es una gran corporaci\u00f3n. Ofrecemos un amplio apoyo a los clientes para que puedan perseguir la justicia en asuntos relacionados con:<\/span><\/p><ul><li><b>Cuestiones salariales y de beneficios<\/b><span style=\"font-weight: 400;\">\u2013 Cuando usted no est\u00e1 recibiendo los salarios, pago de horas extras o beneficios que ha ganado, nosotros le ayudamos a obtener una compensaci\u00f3n completa y de manera oportuna.<\/span><\/li><li><b>Acuerdos de no competencia <\/b><span style=\"font-weight: 400;\">\u2013 Las empresas tienen cierto inter\u00e9s en proteger sus negocios, pero muchos acuerdos de no competencia van demasiado lejos. Si cree que se le ha impedido injustamente tomar una nueva posici\u00f3n en su campo, evaluaremos su posible reclamo.<\/span><\/li><li><b>Riesgo de seguridad laboral \u2013 <\/b><span style=\"font-weight: 400;\">Los negocios que cortan las esquinas cuando se trata de seguridad ponen a sus trabajadores en serio riesgo. Si sea que usted haya sido da\u00f1ado o tenga razones para creer que existe un peligro significante, podemos delinear sus opciones.<\/span><\/li><li><b>Terminaci\u00f3n incorrecta \u2013 <\/b><span style=\"font-weight: 400;\">Despu\u00e9s de un despido que se bas\u00f3 en motivos ilegales, mi bufete puede buscar un alivio adecuado, incluida la recuperaci\u00f3n de los salarios perdidos.<\/span><\/li><li><b>Relaciones Laborales \u2013 <\/b><span style=\"font-weight: 400;\">En las negociaciones de negociaci\u00f3n colectiva, disputas sindicales y otros asuntos laborales, trabajamos para salvaguardar los derechos y privilegios que tanto han costado ganar mientras mantenemos a los clientes al tanto de las leyes pertinentes.<\/span><\/li><\/ul><p><span style=\"font-weight: 400;\">Una vez que comprenda los est\u00e1ndares legales que afectan su situaci\u00f3n, puede tomar decisiones confiadas sobre c\u00f3mo manejar su problema relacionado con el trabajo.<\/span><\/p>\t\t\t\t\t\t\t\t<\/div>\n\t\t\t\t<\/div>\n\t\t\t\t\t<\/div>\n\t\t<\/div>\n\t\t\t\t\t<\/div>\n\t\t<\/section>\n\t\t\t\t\t<\/div>\n\t\t<\/div>\n\t\t\t\t\t<\/div>\n\t\t<\/section>\n\t\t\t\t<section class=\"elementor-section elementor-top-section elementor-element elementor-element-6acd2564 elementor-section-full_width elementor-section-height-default elementor-section-height-default\" data-id=\"6acd2564\" data-element_type=\"section\" data-e-type=\"section\" data-settings=\"{&quot;background_background&quot;:&quot;classic&quot;}\">\n\t\t\t\t\t\t<div class=\"elementor-container elementor-column-gap-default\">\n\t\t\t\t\t<div class=\"elementor-column elementor-col-100 elementor-top-column elementor-element elementor-element-7f83b98b\" data-id=\"7f83b98b\" data-element_type=\"column\" data-e-type=\"column\" data-settings=\"{&quot;background_background&quot;:&quot;classic&quot;}\">\n\t\t\t<div class=\"elementor-widget-wrap elementor-element-populated\">\n\t\t\t\t\t\t<div class=\"elementor-element elementor-element-7dc2b0cb elementor-widget elementor-widget-heading\" data-id=\"7dc2b0cb\" data-element_type=\"widget\" data-e-type=\"widget\" data-widget_type=\"heading.default\">\n\t\t\t\t<div class=\"elementor-widget-container\">\n\t\t\t\t\t<h2 class=\"elementor-heading-title elementor-size-default\">UNA DEFENSORA DEDICADA QUE REPRESENTA A LAS VICTIMAS DE DISCRIMINACION Y ACOSO\n\n<\/h2>\t\t\t\t<\/div>\n\t\t\t\t<\/div>\n\t\t\t\t<div class=\"elementor-element elementor-element-1f19ee5e elementor-widget elementor-widget-text-editor\" data-id=\"1f19ee5e\" data-element_type=\"widget\" data-e-type=\"widget\" data-widget_type=\"text-editor.default\">\n\t\t\t\t<div class=\"elementor-widget-container\">\n\t\t\t\t\t\t\t\t\tTodos deber\u00edan tener la oportunidad de ganarse la vida en un entorno seguro y saludable, donde se les juzgue equitativamente por sus habilidades, experiencia y \u00e9tica laboral. Cuando un trabajador es tratado de manera discriminatoria debido a su raza, religi\u00f3n, g\u00e9nero, condici\u00f3n de discapacidad, edad o pertenencia a otro grupo legalmente protegido, se deben tomar medidas r\u00e1pidas. \n\t\t\t\t\t\t\t\t<\/div>\n\t\t\t\t<\/div>\n\t\t\t\t\t<\/div>\n\t\t<\/div>\n\t\t\t\t\t<\/div>\n\t\t<\/section>\n\t\t\t\t<section class=\"elementor-section elementor-top-section elementor-element elementor-element-48922296 elementor-section-boxed elementor-section-height-default elementor-section-height-default\" data-id=\"48922296\" data-element_type=\"section\" data-e-type=\"section\">\n\t\t\t\t\t\t<div class=\"elementor-container elementor-column-gap-default\">\n\t\t\t\t\t<div class=\"elementor-column elementor-col-50 elementor-top-column elementor-element elementor-element-6ffbc43b\" data-id=\"6ffbc43b\" data-element_type=\"column\" data-e-type=\"column\">\n\t\t\t<div class=\"elementor-widget-wrap elementor-element-populated\">\n\t\t\t\t\t\t<div class=\"elementor-element elementor-element-aad19f3 elementor-widget elementor-widget-heading\" data-id=\"aad19f3\" data-element_type=\"widget\" data-e-type=\"widget\" data-widget_type=\"heading.default\">\n\t\t\t\t<div class=\"elementor-widget-container\">\n\t\t\t\t\t<h4 class=\"elementor-heading-title elementor-size-default\">Contacte una Abogada de Nevada dedicada en Compensaci\u00f3n de Trabajadores Hoy\n\n<\/h4>\t\t\t\t<\/div>\n\t\t\t\t<\/div>\n\t\t\t\t<div class=\"elementor-element elementor-element-2d3597cb elementor-widget elementor-widget-text-editor\" data-id=\"2d3597cb\" data-element_type=\"widget\" data-e-type=\"widget\" data-widget_type=\"text-editor.default\">\n\t\t\t\t<div class=\"elementor-widget-container\">\n\t\t\t\t\t\t\t\t\tSi usted cree que ha sido maltratado en el trabajo o tiene otro tipo de preocupaci\u00f3n relacionada con el trabajo o la ley de empleo, Jenny Legal est\u00e1 lista para ayudar le. Comun\u00edquese con nuestra oficina de Las Vegas en l\u00ednea o al 702-537-0007 para programar una consulta gratis. Creemos que todos los clientes, sin importar lo complejo que sea el caso, debe recibir atenci\u00f3n personalizada, incluyendo actualizaciones regulares sobre el progreso del caso y las opciones disponibles.\n\t\t\t\t\t\t\t\t<\/div>\n\t\t\t\t<\/div>\n\t\t\t\t\t<\/div>\n\t\t<\/div>\n\t\t\t\t<div class=\"elementor-column elementor-col-50 elementor-top-column elementor-element elementor-element-5a86da2b\" data-id=\"5a86da2b\" data-element_type=\"column\" data-e-type=\"column\">\n\t\t\t<div class=\"elementor-widget-wrap elementor-element-populated\">\n\t\t\t\t\t\t<div class=\"elementor-element elementor-element-75b4bb63 elementor-widget elementor-widget-heading\" data-id=\"75b4bb63\" data-element_type=\"widget\" data-e-type=\"widget\" data-widget_type=\"heading.default\">\n\t\t\t\t<div class=\"elementor-widget-container\">\n\t\t\t\t\t<h4 class=\"elementor-heading-title elementor-size-default\">Contact Us<\/h4>\t\t\t\t<\/div>\n\t\t\t\t<\/div>\n\t\t\t\t<div class=\"elementor-element elementor-element-12640b7 elementor-widget-divider--view-line elementor-widget elementor-widget-divider\" data-id=\"12640b7\" data-element_type=\"widget\" data-e-type=\"widget\" data-widget_type=\"divider.default\">\n\t\t\t\t<div class=\"elementor-widget-container\">\n\t\t\t\t\t\t\t<div class=\"elementor-divider\">\n\t\t\t<span class=\"elementor-divider-separator\">\n\t\t\t\t\t\t<\/span>\n\t\t<\/div>\n\t\t\t\t\t\t<\/div>\n\t\t\t\t<\/div>\n\t\t\t\t<div class=\"elementor-element elementor-element-7678c45a elementor-widget elementor-widget-text-editor\" data-id=\"7678c45a\" data-element_type=\"widget\" data-e-type=\"widget\" data-widget_type=\"text-editor.default\">\n\t\t\t\t<div class=\"elementor-widget-container\">\n\t\t\t\t\t\t\t\t\t<div class=\"section-base-container\" data-section-id=\"id_63062033-bcb3-5429-ba02-eea28ef5d813\">\n<div id=\"id_63062033-bcb3-5429-ba02-eea28ef5d813\" class=\"section section__bg--light-1 main-content section-contactform section-locations section-gallery section-reviewourfirm section-pagecontent\" data-control=\"section\">\n<div class=\"section--inner container section--light \">\n<div class=\"row equal\">\n<div class=\"col-lg-8 section__column-2 col-sm-12 alias-page_content\">\n<div class=\"wrap__page-content\">\n<div class=\"wrap__page-content--inner\">\n<div class=\"editable__container editable__container \">\n<div class=\" editable__container--inner editable__container--inner\" data-component-name=\"editable\" data-component-alias=\"editable\">\n<p><b>Our Office<\/b><\/p>\n<\/div>\n<\/div>\n<\/div>\n<\/div>\n<\/div>\n<\/div>\n<\/div>\n<\/div>\n<\/div>\t\t\t\t\t\t\t\t<\/div>\n\t\t\t\t<\/div>\n\t\t\t\t<div class=\"elementor-element elementor-element-4c947324 elementor-widget elementor-widget-text-editor\" data-id=\"4c947324\" data-element_type=\"widget\" data-e-type=\"widget\" data-widget_type=\"text-editor.default\">\n\t\t\t\t<div class=\"elementor-widget-container\">\n\t\t\t\t\t\t\t\t\t<div class=\"section-base-container\" data-section-id=\"id_63062033-bcb3-5429-ba02-eea28ef5d813\"><div id=\"id_63062033-bcb3-5429-ba02-eea28ef5d813\" class=\"section section__bg--light-1 main-content section-contactform section-locations section-gallery section-reviewourfirm section-pagecontent\" data-control=\"section\"><div class=\"section--inner container section--light \"><div class=\"row equal\"><div class=\"col-lg-8 section__column-2 col-sm-12 alias-page_content\"><div class=\"wrap__page-content\"><div class=\"wrap__page-content--inner\"><div class=\"editable__container editable__container \"><div class=\" editable__container--inner editable__container--inner\" data-component-name=\"editable\" data-component-alias=\"editable\"><p><strong><span style=\"text-decoration: underline;\"><span class=\"location__setting-title\">Address<\/span><\/span><\/strong><\/p><p>4484 S. Pecos Rd.<br \/>Las Vegas, Nevada 89121<\/p><div class=\"row location__contacts-wrapper\"><div class=\"location__phone col-sm-12 col-md-6 col-lg-12\"><p><strong><span style=\"text-decoration: underline;\"><span class=\"location__setting-title\">Phone<\/span><\/span><\/strong><\/p><p><a class=\"location__phone-num piwik_ignore\" href=\"tel:17025370007\">702-537-0007<\/a><\/p><\/div><div class=\"location__fax col-sm-12 col-md-6 col-lg-12\"><p><span style=\"text-decoration: underline;\"><strong><span class=\"location__setting-title\">Fax<\/span><\/strong><\/span><\/p><p><a class=\"location__fax-num piwik_ignore\" href=\"tel:17025370169\">702-537-0169<\/a><\/p><\/div><\/div><\/div><\/div><\/div><\/div><\/div><\/div><\/div><\/div><\/div>\t\t\t\t\t\t\t\t<\/div>\n\t\t\t\t<\/div>\n\t\t\t\t\t<\/div>\n\t\t<\/div>\n\t\t\t\t\t<\/div>\n\t\t<\/section>\n\t\t\t\t<section class=\"elementor-section elementor-top-section elementor-element elementor-element-41c896a elementor-section-boxed elementor-section-height-default elementor-section-height-default\" data-id=\"41c896a\" data-element_type=\"section\" data-e-type=\"section\">\n\t\t\t\t\t\t<div class=\"elementor-container elementor-column-gap-default\">\n\t\t\t\t\t<div class=\"elementor-column elementor-col-100 elementor-top-column elementor-element elementor-element-a0d17fd\" data-id=\"a0d17fd\" data-element_type=\"column\" data-e-type=\"column\">\n\t\t\t<div class=\"elementor-widget-wrap elementor-element-populated\">\n\t\t\t\t\t\t<div class=\"elementor-element elementor-element-e331140 elementor-widget elementor-widget-spacer\" data-id=\"e331140\" data-element_type=\"widget\" data-e-type=\"widget\" data-widget_type=\"spacer.default\">\n\t\t\t\t<div class=\"elementor-widget-container\">\n\t\t\t\t\t\t\t<div class=\"elementor-spacer\">\n\t\t\t<div class=\"elementor-spacer-inner\"><\/div>\n\t\t<\/div>\n\t\t\t\t\t\t<\/div>\n\t\t\t\t<\/div>\n\t\t\t\t\t<\/div>\n\t\t<\/div>\n\t\t\t\t\t<\/div>\n\t\t<\/section>\n\t\t\t\t<\/div>\n\t\t","protected":false},"excerpt":{"rendered":"<p>Ley de Trabajo y Empleo para trabajadores BUFETE DE ABOGADOS SIRVIENDO EL \u00c1REA DE LAS VEGAS QUE AYUDA TRABAJADORES A RECUPERAR COMPENSACI\u00d3N Abogada de Trabajo y Empleo de Nevada Asiste a Trabajadores Podemos ayudar a los clientes con una amplia gama de problemas laborales para los trabajadores en el \u00e1rea de Nevada Los trabajadores tienen&hellip; <a class=\"more-link\" href=\"https:\/\/www.jennylegalnv.com\/es\/labor-employment-law-for-employees\/\">Continue reading <span class=\"screen-reader-text\">Ley de Trabajo y Empleo para trabajadores<\/span><\/a><\/p>\n","protected":false},"author":1,"featured_media":0,"parent":0,"menu_order":0,"comment_status":"closed","ping_status":"closed","template":"elementor_header_footer","meta":{"footnotes":""},"class_list":["post-1240","page","type-page","status-publish","hentry","entry"],"_links":{"self":[{"href":"https:\/\/www.jennylegalnv.com\/es\/wp-json\/wp\/v2\/pages\/1240","targetHints":{"allow":["GET"]}}],"collection":[{"href":"https:\/\/www.jennylegalnv.com\/es\/wp-json\/wp\/v2\/pages"}],"about":[{"href":"https:\/\/www.jennylegalnv.com\/es\/wp-json\/wp\/v2\/types\/page"}],"author":[{"embeddable":true,"href":"https:\/\/www.jennylegalnv.com\/es\/wp-json\/wp\/v2\/users\/1"}],"replies":[{"embeddable":true,"href":"https:\/\/www.jennylegalnv.com\/es\/wp-json\/wp\/v2\/comments?post=1240"}],"version-history":[{"count":10,"href":"https:\/\/www.jennylegalnv.com\/es\/wp-json\/wp\/v2\/pages\/1240\/revisions"}],"predecessor-version":[{"id":1298,"href":"https:\/\/www.jennylegalnv.com\/es\/wp-json\/wp\/v2\/pages\/1240\/revisions\/1298"}],"wp:attachment":[{"href":"https:\/\/www.jennylegalnv.com\/es\/wp-json\/wp\/v2\/media?parent=1240"}],"curies":[{"name":"wp","href":"https:\/\/api.w.org\/{rel}","templated":true}]}}