{"id":1236,"date":"2020-12-29T06:19:28","date_gmt":"2020-12-29T06:19:28","guid":{"rendered":"https:\/\/www.jennylegalnv.com\/workers-compensation\/"},"modified":"2022-01-20T18:49:14","modified_gmt":"2022-01-20T18:49:14","slug":"workers-compensation","status":"publish","type":"page","link":"https:\/\/www.jennylegalnv.com\/es\/workers-compensation\/","title":{"rendered":"Compensaci\u00f3n de trabajador"},"content":{"rendered":"\t\t<div data-elementor-type=\"wp-page\" data-elementor-id=\"1236\" class=\"elementor elementor-1236 elementor-161\" data-elementor-post-type=\"page\">\n\t\t\t\t\t\t<section class=\"elementor-section elementor-top-section elementor-element elementor-element-7d50bfd8 elementor-section-full_width elementor-section-height-default elementor-section-height-default\" data-id=\"7d50bfd8\" data-element_type=\"section\" data-e-type=\"section\" data-settings=\"{&quot;background_background&quot;:&quot;classic&quot;}\">\n\t\t\t\t\t\t<div class=\"elementor-container elementor-column-gap-default\">\n\t\t\t\t\t<div class=\"elementor-column elementor-col-100 elementor-top-column elementor-element elementor-element-62793357\" data-id=\"62793357\" data-element_type=\"column\" data-e-type=\"column\">\n\t\t\t<div class=\"elementor-widget-wrap elementor-element-populated\">\n\t\t\t\t\t\t<div class=\"elementor-element elementor-element-4769365a elementor-widget elementor-widget-heading\" data-id=\"4769365a\" data-element_type=\"widget\" data-e-type=\"widget\" data-widget_type=\"heading.default\">\n\t\t\t\t<div class=\"elementor-widget-container\">\n\t\t\t\t\t<h2 class=\"elementor-heading-title elementor-size-default\">Compensaci\u00f3n de trabajador\n<\/h2>\t\t\t\t<\/div>\n\t\t\t\t<\/div>\n\t\t\t\t\t<\/div>\n\t\t<\/div>\n\t\t\t\t\t<\/div>\n\t\t<\/section>\n\t\t\t\t<section class=\"elementor-section elementor-top-section elementor-element elementor-element-158b0872 elementor-section-boxed elementor-section-height-default elementor-section-height-default\" data-id=\"158b0872\" data-element_type=\"section\" data-e-type=\"section\">\n\t\t\t\t\t\t<div class=\"elementor-container elementor-column-gap-default\">\n\t\t\t\t\t<div class=\"elementor-column elementor-col-100 elementor-top-column elementor-element elementor-element-346c2543\" data-id=\"346c2543\" data-element_type=\"column\" data-e-type=\"column\">\n\t\t\t<div class=\"elementor-widget-wrap elementor-element-populated\">\n\t\t\t\t\t\t<div class=\"elementor-element elementor-element-392be178 elementor-widget elementor-widget-heading\" data-id=\"392be178\" data-element_type=\"widget\" data-e-type=\"widget\" data-widget_type=\"heading.default\">\n\t\t\t\t<div class=\"elementor-widget-container\">\n\t\t\t\t\t<h4 class=\"elementor-heading-title elementor-size-default\">BUFETE DE ABOGADOS EN NEVADA QUE AYUDA TRABAJADORES LESIONADOS A RECUPERAR COMPENSACI\u00d3N<\/h4>\t\t\t\t<\/div>\n\t\t\t\t<\/div>\n\t\t\t\t<div class=\"elementor-element elementor-element-73122d1f elementor-widget elementor-widget-heading\" data-id=\"73122d1f\" data-element_type=\"widget\" data-e-type=\"widget\" data-widget_type=\"heading.default\">\n\t\t\t\t<div class=\"elementor-widget-container\">\n\t\t\t\t\t<h2 class=\"elementor-heading-title elementor-size-default\">Abogada en Nevada con experiencia que ayuda a trabajadores lesionados a recibir beneficios.\n\n<\/h2>\t\t\t\t<\/div>\n\t\t\t\t<\/div>\n\t\t\t\t<section class=\"elementor-section elementor-inner-section elementor-element elementor-element-4f6cfc8a elementor-section-boxed elementor-section-height-default elementor-section-height-default\" data-id=\"4f6cfc8a\" data-element_type=\"section\" data-e-type=\"section\">\n\t\t\t\t\t\t<div class=\"elementor-container elementor-column-gap-default\">\n\t\t\t\t\t<div class=\"elementor-column elementor-col-50 elementor-inner-column elementor-element elementor-element-62e3f7af\" data-id=\"62e3f7af\" data-element_type=\"column\" data-e-type=\"column\">\n\t\t\t<div class=\"elementor-widget-wrap elementor-element-populated\">\n\t\t\t\t\t\t<div class=\"elementor-element elementor-element-2ad4e2f7 elementor-widget elementor-widget-image\" data-id=\"2ad4e2f7\" data-element_type=\"widget\" data-e-type=\"widget\" data-widget_type=\"image.default\">\n\t\t\t\t<div class=\"elementor-widget-container\">\n\t\t\t\t\t\t\t\t\t\t\t\t\t\t\t<img fetchpriority=\"high\" decoding=\"async\" width=\"750\" height=\"1000\" src=\"https:\/\/www.jennylegalnv.com\/wp-content\/uploads\/2021\/05\/IMG-1039-768x1024.jpeg\" class=\"attachment-large size-large wp-image-1136\" alt=\"\" srcset=\"https:\/\/www.jennylegalnv.com\/wp-content\/uploads\/2021\/05\/IMG-1039-768x1024.jpeg 768w, https:\/\/www.jennylegalnv.com\/wp-content\/uploads\/2021\/05\/IMG-1039-225x300.jpeg 225w, https:\/\/www.jennylegalnv.com\/wp-content\/uploads\/2021\/05\/IMG-1039-1152x1536.jpeg 1152w, https:\/\/www.jennylegalnv.com\/wp-content\/uploads\/2021\/05\/IMG-1039-1536x2048.jpeg 1536w, https:\/\/www.jennylegalnv.com\/wp-content\/uploads\/2021\/05\/IMG-1039-1568x2091.jpeg 1568w, https:\/\/www.jennylegalnv.com\/wp-content\/uploads\/2021\/05\/IMG-1039-scaled.jpeg 1920w\" sizes=\"(max-width: 750px) 100vw, 750px\" style=\"width:100%;height:133.33%;max-width:1920px\" \/>\t\t\t\t\t\t\t\t\t\t\t\t\t\t\t<\/div>\n\t\t\t\t<\/div>\n\t\t\t\t<div class=\"elementor-element elementor-element-7c6e9ad elementor-widget elementor-widget-image\" data-id=\"7c6e9ad\" data-element_type=\"widget\" data-e-type=\"widget\" data-widget_type=\"image.default\">\n\t\t\t\t<div class=\"elementor-widget-container\">\n\t\t\t\t\t\t\t\t\t\t\t\t\t\t\t<img decoding=\"async\" width=\"200\" height=\"100\" src=\"https:\/\/www.jennylegalnv.com\/wp-content\/uploads\/2021\/04\/1.png\" class=\"attachment-large size-large wp-image-1108\" alt=\"\" style=\"width:100%;height:50%;max-width:200px\" \/>\t\t\t\t\t\t\t\t\t\t\t\t\t\t\t<\/div>\n\t\t\t\t<\/div>\n\t\t\t\t<div class=\"elementor-element elementor-element-795183a elementor-widget elementor-widget-image\" data-id=\"795183a\" data-element_type=\"widget\" data-e-type=\"widget\" data-widget_type=\"image.default\">\n\t\t\t\t<div class=\"elementor-widget-container\">\n\t\t\t\t\t\t\t\t\t\t\t\t\t\t\t<img decoding=\"async\" width=\"250\" height=\"74\" src=\"https:\/\/www.jennylegalnv.com\/wp-content\/uploads\/2020\/12\/AV-2020-250.png\" class=\"attachment-large size-large wp-image-1051\" alt=\"\" style=\"width:100%;height:29.6%;max-width:250px\" \/>\t\t\t\t\t\t\t\t\t\t\t\t\t\t\t<\/div>\n\t\t\t\t<\/div>\n\t\t\t\t\t<\/div>\n\t\t<\/div>\n\t\t\t\t<div class=\"elementor-column elementor-col-50 elementor-inner-column elementor-element elementor-element-787af3ee\" data-id=\"787af3ee\" data-element_type=\"column\" data-e-type=\"column\">\n\t\t\t<div class=\"elementor-widget-wrap elementor-element-populated\">\n\t\t\t\t\t\t<div class=\"elementor-element elementor-element-3e358c5a elementor-widget elementor-widget-heading\" data-id=\"3e358c5a\" data-element_type=\"widget\" data-e-type=\"widget\" data-widget_type=\"heading.default\">\n\t\t\t\t<div class=\"elementor-widget-container\">\n\t\t\t\t\t<h3 class=\"elementor-heading-title elementor-size-default\">ABOGADA CON EXPERIENCIA EN LAS VEGAS QUE AYUDA A TRABAJADORES LESIONADOS CON SU RECLAMO DE COMPENSACI\u00d3N DE TRABAJADORES.\n<\/h3>\t\t\t\t<\/div>\n\t\t\t\t<\/div>\n\t\t\t\t<div class=\"elementor-element elementor-element-1171f245 elementor-widget elementor-widget-text-editor\" data-id=\"1171f245\" data-element_type=\"widget\" data-e-type=\"widget\" data-widget_type=\"text-editor.default\">\n\t\t\t\t<div class=\"elementor-widget-container\">\n\t\t\t\t\t\t\t\t\t<div class=\"elementor-element elementor-element-24c7241 elementor-widget elementor-widget-text-editor\" data-id=\"24c7241\" data-element_type=\"widget\" data-widget_type=\"text-editor.default\"><div class=\"elementor-widget-container\"><div class=\"elementor-text-editor elementor-clearfix\"><div class=\"elementor-element elementor-element-24c7241 elementor-widget elementor-widget-text-editor\" data-id=\"24c7241\" data-element_type=\"widget\" data-widget_type=\"text-editor.default\"><div class=\"elementor-widget-container\"><div class=\"elementor-text-editor elementor-clearfix\"><p><span style=\"font-weight: 400; color: #000000;\">La compensaci\u00f3n de trabajadores funciona bajo un sistema de no culpable, el cual est\u00e1 dise\u00f1ado para que el trabajador obtenga asistencia financiera y tratamiento m\u00e9dico despu\u00e9s de una enfermedad o accidente ocupacional. El proceso puede ser algo complicado para el trabajador lesionado. En Jenny Legal Las Vegas, entendemos las dificultades a las cuales se enfrentar\u00eda y le proveemos dedicaci\u00f3n y el enfoque necesario para asegurar sus beneficios de una manera r\u00e1pida y eficaz. Representando trabajadores lesionados desde el 2012, estamos comprometidos a proteger sus derechos y obtener los beneficios que usted necesita y merece.<\/span><\/p><p><span style=\"color: #000000;\"><b>ABOGADA CON EXPERIENCIA QUE AYUDA A PROCESAR SU RECLAMO DE COMPENSACI\u00d3N DE TRABAJADORES.<\/b><\/span><\/p><p><span style=\"font-weight: 400; color: #000000;\">Un trabajador lesionado com\u00fanmente se enfrenta a p\u00e9rdida de sueldo, necesidades de tratamientos m\u00e9dicos, y gastos que tocan cubrir de su bolsillo. Compensaci\u00f3n de trabajadores existe para asistir con estos gastos, pero navegando este proceso puede ser confuso. Mi firma se esfuerza en proveer la gu\u00eda que un trabajador lesionado necesita, por ejemplo:<\/span><\/p><ul><li style=\"font-weight: 400;\" aria-level=\"1\"><span style=\"color: #000000;\"><b>Abrir un reclamo<\/b><span style=\"font-weight: 400;\"> \u2013 Un trabajador lesionado tiene una ventana de tiempo corta para recibir tratamiento m\u00e9dico y abrir su reclamo. En general, usted tiene que probar que report\u00f3 el incidente\/accidente a su Empleador lo m\u00e1s pronto posible, pero no despu\u00e9s de 7 d\u00edas. Si su incidente\/accidente requiere asistencia m\u00e9dica, generalmente usted tiene 90 d\u00edas para abrir su reclamo de beneficios m\u00e9dicos. El no cumplir con estos plazos puede perjudicar el acceso a sus beneficios. Mi firma le puede ayudar a navegar en este proceso.\u00a0<\/span><\/span><\/li><li style=\"font-weight: 400;\" aria-level=\"1\"><span style=\"color: #000000;\"><b>Apelar determinaciones de aseguranza<\/b><span style=\"font-weight: 400;\"> \u2013 Si usted recibe cualquier determinaci\u00f3n adversa por parte de la compa\u00f1\u00eda de seguro, la ley le otorga 70 d\u00edas para apelar. Yo estoy familiarizada con los requerimientos legales en apelaciones de compensaciones de trabajadores y puedo presentar su caso frente al Departamento Administrativo de Nevada, la Corte Jur\u00eddica del Distrito, la Corte de Apelaciones de Nevada, y la Corte Suprema de Nevada.<\/span><\/span><\/li><\/ul><\/div><\/div><\/div><\/div><\/div><\/div>\t\t\t\t\t\t\t\t<\/div>\n\t\t\t\t<\/div>\n\t\t\t\t\t<\/div>\n\t\t<\/div>\n\t\t\t\t\t<\/div>\n\t\t<\/section>\n\t\t\t\t\t<\/div>\n\t\t<\/div>\n\t\t\t\t\t<\/div>\n\t\t<\/section>\n\t\t\t\t<section class=\"elementor-section elementor-top-section elementor-element elementor-element-49e7b3ac elementor-section-full_width elementor-section-height-default elementor-section-height-default\" data-id=\"49e7b3ac\" data-element_type=\"section\" data-e-type=\"section\" data-settings=\"{&quot;background_background&quot;:&quot;classic&quot;}\">\n\t\t\t\t\t\t<div class=\"elementor-container elementor-column-gap-default\">\n\t\t\t\t\t<div class=\"elementor-column elementor-col-100 elementor-top-column elementor-element elementor-element-2b1cf330\" data-id=\"2b1cf330\" data-element_type=\"column\" data-e-type=\"column\" data-settings=\"{&quot;background_background&quot;:&quot;classic&quot;}\">\n\t\t\t<div class=\"elementor-widget-wrap elementor-element-populated\">\n\t\t\t\t\t\t<div class=\"elementor-element elementor-element-30eb36ae elementor-widget elementor-widget-heading\" data-id=\"30eb36ae\" data-element_type=\"widget\" data-e-type=\"widget\" data-widget_type=\"heading.default\">\n\t\t\t\t<div class=\"elementor-widget-container\">\n\t\t\t\t\t<h2 class=\"elementor-heading-title elementor-size-default\">NOSOTROS REPRESENTAMOS LOS INTERESES DEL TRABAJADOR EN RECLAMOS DE P\u00c9RDIDA DE SUELDO\n<\/h2>\t\t\t\t<\/div>\n\t\t\t\t<\/div>\n\t\t\t\t<div class=\"elementor-element elementor-element-23a6b967 elementor-widget elementor-widget-text-editor\" data-id=\"23a6b967\" data-element_type=\"widget\" data-e-type=\"widget\" data-widget_type=\"text-editor.default\">\n\t\t\t\t<div class=\"elementor-widget-container\">\n\t\t\t\t\t\t\t\t\tUno de los problemas m\u00e1s grandes relacionados con lesiones de trabajo y enfermedades ocupacionales son la p\u00e9rdida de ingresos. La ley de Nevada otorga a los trabajadores deshabilitados recibir hasta dos tercios del promedio de su salario mensual, con un tope m\u00e1ximo establecido anualmente por la Divisi\u00f3n de Relaciones Industriales. Yo cuento con a\u00f1os de experiencia representando los derechos de trabajadores, y trabajo vigorosamente para probar el grado de sus lesiones de trabajo\t\t\t\t\t\t\t\t<\/div>\n\t\t\t\t<\/div>\n\t\t\t\t\t<\/div>\n\t\t<\/div>\n\t\t\t\t\t<\/div>\n\t\t<\/section>\n\t\t\t\t<section class=\"elementor-section elementor-top-section elementor-element elementor-element-447d5851 elementor-section-boxed elementor-section-height-default elementor-section-height-default\" data-id=\"447d5851\" data-element_type=\"section\" data-e-type=\"section\">\n\t\t\t\t\t\t<div class=\"elementor-container elementor-column-gap-default\">\n\t\t\t\t\t<div class=\"elementor-column elementor-col-50 elementor-top-column elementor-element elementor-element-90e6c0a\" data-id=\"90e6c0a\" data-element_type=\"column\" data-e-type=\"column\">\n\t\t\t<div class=\"elementor-widget-wrap elementor-element-populated\">\n\t\t\t\t\t\t<div class=\"elementor-element elementor-element-285c0a8 elementor-widget elementor-widget-heading\" data-id=\"285c0a8\" data-element_type=\"widget\" data-e-type=\"widget\" data-widget_type=\"heading.default\">\n\t\t\t\t<div class=\"elementor-widget-container\">\n\t\t\t\t\t<h4 class=\"elementor-heading-title elementor-size-default\">ABOGADA DEDICADA QUE OBTIENE LOS BENEFICIOS NECESARIOS PARA TRABAJADORES LESIONADOS\n<\/h4>\t\t\t\t<\/div>\n\t\t\t\t<\/div>\n\t\t\t\t<div class=\"elementor-element elementor-element-2c004483 elementor-widget elementor-widget-text-editor\" data-id=\"2c004483\" data-element_type=\"widget\" data-e-type=\"widget\" data-widget_type=\"text-editor.default\">\n\t\t\t\t<div class=\"elementor-widget-container\">\n\t\t\t\t\t\t\t\t\tLas lesiones de trabajo que resulten en incapacidad permanente deben ser compensadas. Las lesiones que causan impedimentos permanentes requieren beneficios y compensaciones justas. Nosotros trabajaremos para que el monto de su incapacidad permanente sea apropiado, usando mi experiencia y mis habilidades para asegurar que el monto de su evaluaci\u00f3n de incapacidad sea correctamente calculado y otorgado.\n\t\t\t\t\t\t\t\t<\/div>\n\t\t\t\t<\/div>\n\t\t\t\t\t<\/div>\n\t\t<\/div>\n\t\t\t\t<div class=\"elementor-column elementor-col-50 elementor-top-column elementor-element elementor-element-798e5ed1\" data-id=\"798e5ed1\" data-element_type=\"column\" data-e-type=\"column\">\n\t\t\t<div class=\"elementor-widget-wrap elementor-element-populated\">\n\t\t\t\t\t\t<div class=\"elementor-element elementor-element-1b9a48cc elementor-widget elementor-widget-heading\" data-id=\"1b9a48cc\" data-element_type=\"widget\" data-e-type=\"widget\" data-widget_type=\"heading.default\">\n\t\t\t\t<div class=\"elementor-widget-container\">\n\t\t\t\t\t<h4 class=\"elementor-heading-title elementor-size-default\">Contact Us<\/h4>\t\t\t\t<\/div>\n\t\t\t\t<\/div>\n\t\t\t\t<div class=\"elementor-element elementor-element-5c2e7dd3 elementor-widget-divider--view-line elementor-widget elementor-widget-divider\" data-id=\"5c2e7dd3\" data-element_type=\"widget\" data-e-type=\"widget\" data-widget_type=\"divider.default\">\n\t\t\t\t<div class=\"elementor-widget-container\">\n\t\t\t\t\t\t\t<div class=\"elementor-divider\">\n\t\t\t<span class=\"elementor-divider-separator\">\n\t\t\t\t\t\t<\/span>\n\t\t<\/div>\n\t\t\t\t\t\t<\/div>\n\t\t\t\t<\/div>\n\t\t\t\t<div class=\"elementor-element elementor-element-382b4813 elementor-widget elementor-widget-text-editor\" data-id=\"382b4813\" data-element_type=\"widget\" data-e-type=\"widget\" data-widget_type=\"text-editor.default\">\n\t\t\t\t<div class=\"elementor-widget-container\">\n\t\t\t\t\t\t\t\t\t<div class=\"section-base-container\" data-section-id=\"id_63062033-bcb3-5429-ba02-eea28ef5d813\">\n<div id=\"id_63062033-bcb3-5429-ba02-eea28ef5d813\" class=\"section section__bg--light-1 main-content section-contactform section-locations section-gallery section-reviewourfirm section-pagecontent\" data-control=\"section\">\n<div class=\"section--inner container section--light \">\n<div class=\"row equal\">\n<div class=\"col-lg-8 section__column-2 col-sm-12 alias-page_content\">\n<div class=\"wrap__page-content\">\n<div class=\"wrap__page-content--inner\">\n<div class=\"editable__container editable__container \">\n<div class=\" editable__container--inner editable__container--inner\" data-component-name=\"editable\" data-component-alias=\"editable\">\n<p><b>Our Office<\/b><\/p>\n<\/div>\n<\/div>\n<\/div>\n<\/div>\n<\/div>\n<\/div>\n<\/div>\n<\/div>\n<\/div>\t\t\t\t\t\t\t\t<\/div>\n\t\t\t\t<\/div>\n\t\t\t\t<div class=\"elementor-element elementor-element-13e35109 elementor-widget elementor-widget-text-editor\" data-id=\"13e35109\" data-element_type=\"widget\" data-e-type=\"widget\" data-widget_type=\"text-editor.default\">\n\t\t\t\t<div class=\"elementor-widget-container\">\n\t\t\t\t\t\t\t\t\t<div class=\"section-base-container\" data-section-id=\"id_63062033-bcb3-5429-ba02-eea28ef5d813\"><div id=\"id_63062033-bcb3-5429-ba02-eea28ef5d813\" class=\"section section__bg--light-1 main-content section-contactform section-locations section-gallery section-reviewourfirm section-pagecontent\" data-control=\"section\"><div class=\"section--inner container section--light \"><div class=\"row equal\"><div class=\"col-lg-8 section__column-2 col-sm-12 alias-page_content\"><div class=\"wrap__page-content\"><div class=\"wrap__page-content--inner\"><div class=\"editable__container editable__container \"><div class=\" editable__container--inner editable__container--inner\" data-component-name=\"editable\" data-component-alias=\"editable\"><p><strong><span style=\"text-decoration: underline;\"><span class=\"location__setting-title\">Address<\/span><\/span><\/strong><\/p><p>4484 S. Pecos Rd.<br \/>Las Vegas, Nevada 89121<\/p><div class=\"row location__contacts-wrapper\"><div class=\"location__phone col-sm-12 col-md-6 col-lg-12\"><p><strong><span style=\"text-decoration: underline;\"><span class=\"location__setting-title\">Phone<\/span><\/span><\/strong><\/p><p><a class=\"location__phone-num piwik_ignore\" href=\"tel:17025370007\">702-537-0007<\/a><\/p><\/div><div class=\"location__fax col-sm-12 col-md-6 col-lg-12\"><p><span style=\"text-decoration: underline;\"><strong><span class=\"location__setting-title\">Fax<\/span><\/strong><\/span><\/p><p><a class=\"location__fax-num piwik_ignore\" href=\"tel:17025370169\">702-537-0169<\/a><\/p><\/div><\/div><\/div><\/div><\/div><\/div><\/div><\/div><\/div><\/div><\/div>\t\t\t\t\t\t\t\t<\/div>\n\t\t\t\t<\/div>\n\t\t\t\t\t<\/div>\n\t\t<\/div>\n\t\t\t\t\t<\/div>\n\t\t<\/section>\n\t\t\t\t<section class=\"elementor-section elementor-top-section elementor-element elementor-element-5465a8e elementor-section-boxed elementor-section-height-default elementor-section-height-default\" data-id=\"5465a8e\" data-element_type=\"section\" data-e-type=\"section\">\n\t\t\t\t\t\t<div class=\"elementor-container elementor-column-gap-default\">\n\t\t\t\t\t<div class=\"elementor-column elementor-col-100 elementor-top-column elementor-element elementor-element-299cd0a\" data-id=\"299cd0a\" data-element_type=\"column\" data-e-type=\"column\">\n\t\t\t<div class=\"elementor-widget-wrap elementor-element-populated\">\n\t\t\t\t\t\t<div class=\"elementor-element elementor-element-128648d elementor-widget elementor-widget-spacer\" data-id=\"128648d\" data-element_type=\"widget\" data-e-type=\"widget\" data-widget_type=\"spacer.default\">\n\t\t\t\t<div class=\"elementor-widget-container\">\n\t\t\t\t\t\t\t<div class=\"elementor-spacer\">\n\t\t\t<div class=\"elementor-spacer-inner\"><\/div>\n\t\t<\/div>\n\t\t\t\t\t\t<\/div>\n\t\t\t\t<\/div>\n\t\t\t\t\t<\/div>\n\t\t<\/div>\n\t\t\t\t\t<\/div>\n\t\t<\/section>\n\t\t\t\t<section class=\"elementor-section elementor-top-section elementor-element elementor-element-0dec6a6 elementor-section-boxed elementor-section-height-default elementor-section-height-default\" data-id=\"0dec6a6\" data-element_type=\"section\" data-e-type=\"section\">\n\t\t\t\t\t\t<div class=\"elementor-container elementor-column-gap-default\">\n\t\t\t\t\t<div class=\"elementor-column elementor-col-100 elementor-top-column elementor-element elementor-element-6838c0e\" data-id=\"6838c0e\" data-element_type=\"column\" data-e-type=\"column\">\n\t\t\t<div class=\"elementor-widget-wrap elementor-element-populated\">\n\t\t\t\t\t\t<div class=\"elementor-element elementor-element-0ca1ded elementor-widget elementor-widget-heading\" data-id=\"0ca1ded\" data-element_type=\"widget\" data-e-type=\"widget\" data-widget_type=\"heading.default\">\n\t\t\t\t<div class=\"elementor-widget-container\">\n\t\t\t\t\t<h3 class=\"elementor-heading-title elementor-size-default\">Contacte una abogada dedicada en compensaci\u00f3n de trabajadores en Nevada hoy\n<\/h3>\t\t\t\t<\/div>\n\t\t\t\t<\/div>\n\t\t\t\t\t<\/div>\n\t\t<\/div>\n\t\t\t\t\t<\/div>\n\t\t<\/section>\n\t\t\t\t<section class=\"elementor-section elementor-top-section elementor-element elementor-element-d2f6dac elementor-section-boxed elementor-section-height-default elementor-section-height-default\" data-id=\"d2f6dac\" data-element_type=\"section\" data-e-type=\"section\">\n\t\t\t\t\t\t<div class=\"elementor-container elementor-column-gap-default\">\n\t\t\t\t\t<div class=\"elementor-column elementor-col-100 elementor-top-column elementor-element elementor-element-71c9b2d\" data-id=\"71c9b2d\" data-element_type=\"column\" data-e-type=\"column\">\n\t\t\t<div class=\"elementor-widget-wrap elementor-element-populated\">\n\t\t\t\t\t\t<div class=\"elementor-element elementor-element-c96950d elementor-widget elementor-widget-text-editor\" data-id=\"c96950d\" data-element_type=\"widget\" data-e-type=\"widget\" data-widget_type=\"text-editor.default\">\n\t\t\t\t<div class=\"elementor-widget-container\">\n\t\t\t\t\t\t\t\t\t<p>En Jenny Legal, sabemos de las dificultades a las que se enfrenta y queremos ayudarle con su reclamo de compensaci\u00f3n de trabajadores.<br \/>Llame a nuestra oficina 702-537-0007 o contacte me en l\u00ednea para programar su consulta gratis hoy.<\/p>\t\t\t\t\t\t\t\t<\/div>\n\t\t\t\t<\/div>\n\t\t\t\t\t<\/div>\n\t\t<\/div>\n\t\t\t\t\t<\/div>\n\t\t<\/section>\n\t\t\t\t<section class=\"elementor-section elementor-top-section elementor-element elementor-element-d803bf7 elementor-section-boxed elementor-section-height-default elementor-section-height-default\" data-id=\"d803bf7\" data-element_type=\"section\" data-e-type=\"section\">\n\t\t\t\t\t\t<div class=\"elementor-container elementor-column-gap-default\">\n\t\t\t\t\t<div class=\"elementor-column elementor-col-100 elementor-top-column elementor-element elementor-element-84b573b\" data-id=\"84b573b\" data-element_type=\"column\" data-e-type=\"column\">\n\t\t\t<div class=\"elementor-widget-wrap elementor-element-populated\">\n\t\t\t\t\t\t<div class=\"elementor-element elementor-element-0582b6b elementor-widget elementor-widget-spacer\" data-id=\"0582b6b\" data-element_type=\"widget\" data-e-type=\"widget\" data-widget_type=\"spacer.default\">\n\t\t\t\t<div class=\"elementor-widget-container\">\n\t\t\t\t\t\t\t<div class=\"elementor-spacer\">\n\t\t\t<div class=\"elementor-spacer-inner\"><\/div>\n\t\t<\/div>\n\t\t\t\t\t\t<\/div>\n\t\t\t\t<\/div>\n\t\t\t\t\t<\/div>\n\t\t<\/div>\n\t\t\t\t\t<\/div>\n\t\t<\/section>\n\t\t\t\t<\/div>\n\t\t","protected":false},"excerpt":{"rendered":"<p>Compensaci\u00f3n de trabajador BUFETE DE ABOGADOS EN NEVADA QUE AYUDA TRABAJADORES LESIONADOS A RECUPERAR COMPENSACI\u00d3N Abogada en Nevada con experiencia que ayuda a trabajadores lesionados a recibir beneficios. ABOGADA CON EXPERIENCIA EN LAS VEGAS QUE AYUDA A TRABAJADORES LESIONADOS CON SU RECLAMO DE COMPENSACI\u00d3N DE TRABAJADORES. La compensaci\u00f3n de trabajadores funciona bajo un sistema de&hellip; <a class=\"more-link\" href=\"https:\/\/www.jennylegalnv.com\/es\/workers-compensation\/\">Continue reading <span class=\"screen-reader-text\">Compensaci\u00f3n de trabajador<\/span><\/a><\/p>\n","protected":false},"author":1,"featured_media":0,"parent":0,"menu_order":0,"comment_status":"closed","ping_status":"closed","template":"elementor_header_footer","meta":{"footnotes":""},"class_list":["post-1236","page","type-page","status-publish","hentry","entry"],"_links":{"self":[{"href":"https:\/\/www.jennylegalnv.com\/es\/wp-json\/wp\/v2\/pages\/1236","targetHints":{"allow":["GET"]}}],"collection":[{"href":"https:\/\/www.jennylegalnv.com\/es\/wp-json\/wp\/v2\/pages"}],"about":[{"href":"https:\/\/www.jennylegalnv.com\/es\/wp-json\/wp\/v2\/types\/page"}],"author":[{"embeddable":true,"href":"https:\/\/www.jennylegalnv.com\/es\/wp-json\/wp\/v2\/users\/1"}],"replies":[{"embeddable":true,"href":"https:\/\/www.jennylegalnv.com\/es\/wp-json\/wp\/v2\/comments?post=1236"}],"version-history":[{"count":8,"href":"https:\/\/www.jennylegalnv.com\/es\/wp-json\/wp\/v2\/pages\/1236\/revisions"}],"predecessor-version":[{"id":1297,"href":"https:\/\/www.jennylegalnv.com\/es\/wp-json\/wp\/v2\/pages\/1236\/revisions\/1297"}],"wp:attachment":[{"href":"https:\/\/www.jennylegalnv.com\/es\/wp-json\/wp\/v2\/media?parent=1236"}],"curies":[{"name":"wp","href":"https:\/\/api.w.org\/{rel}","templated":true}]}}