{"id":1232,"date":"2020-12-29T06:32:08","date_gmt":"2020-12-29T06:32:08","guid":{"rendered":"https:\/\/www.jennylegalnv.com\/personal-injury\/"},"modified":"2022-01-20T18:48:38","modified_gmt":"2022-01-20T18:48:38","slug":"personal-injury","status":"publish","type":"page","link":"https:\/\/www.jennylegalnv.com\/es\/personal-injury\/","title":{"rendered":"Accidentes Personales"},"content":{"rendered":"\t\t<div data-elementor-type=\"wp-page\" data-elementor-id=\"1232\" class=\"elementor elementor-1232 elementor-169\" data-elementor-post-type=\"page\">\n\t\t\t\t\t\t<section class=\"elementor-section elementor-top-section elementor-element elementor-element-ff5dc11 elementor-section-full_width elementor-section-height-default elementor-section-height-default\" data-id=\"ff5dc11\" data-element_type=\"section\" data-e-type=\"section\" data-settings=\"{&quot;background_background&quot;:&quot;classic&quot;}\">\n\t\t\t\t\t\t<div class=\"elementor-container elementor-column-gap-default\">\n\t\t\t\t\t<div class=\"elementor-column elementor-col-100 elementor-top-column elementor-element elementor-element-09ad633\" data-id=\"09ad633\" data-element_type=\"column\" data-e-type=\"column\">\n\t\t\t<div class=\"elementor-widget-wrap elementor-element-populated\">\n\t\t\t\t\t\t<div class=\"elementor-element elementor-element-cf64010 elementor-widget elementor-widget-heading\" data-id=\"cf64010\" data-element_type=\"widget\" data-e-type=\"widget\" data-widget_type=\"heading.default\">\n\t\t\t\t<div class=\"elementor-widget-container\">\n\t\t\t\t\t<h2 class=\"elementor-heading-title elementor-size-default\">Accidentes Personales<\/h2>\t\t\t\t<\/div>\n\t\t\t\t<\/div>\n\t\t\t\t\t<\/div>\n\t\t<\/div>\n\t\t\t\t\t<\/div>\n\t\t<\/section>\n\t\t\t\t<section class=\"elementor-section elementor-top-section elementor-element elementor-element-22e9c0d0 elementor-section-boxed elementor-section-height-default elementor-section-height-default\" data-id=\"22e9c0d0\" data-element_type=\"section\" data-e-type=\"section\">\n\t\t\t\t\t\t<div class=\"elementor-container elementor-column-gap-default\">\n\t\t\t\t\t<div class=\"elementor-column elementor-col-100 elementor-top-column elementor-element elementor-element-29d0444c\" data-id=\"29d0444c\" data-element_type=\"column\" data-e-type=\"column\">\n\t\t\t<div class=\"elementor-widget-wrap elementor-element-populated\">\n\t\t\t\t\t\t<div class=\"elementor-element elementor-element-600ea9bd elementor-widget elementor-widget-heading\" data-id=\"600ea9bd\" data-element_type=\"widget\" data-e-type=\"widget\" data-widget_type=\"heading.default\">\n\t\t\t\t<div class=\"elementor-widget-container\">\n\t\t\t\t\t<h4 class=\"elementor-heading-title elementor-size-default\">BUFETE DE ABOGADOS SIRVIENDO EL \u00c1REA DE LAS VEGAS QUE AYUDA A V\u00cdCTIMAS A RECUPERAR SU COMPENSACI\u00d3N <\/h4>\t\t\t\t<\/div>\n\t\t\t\t<\/div>\n\t\t\t\t<div class=\"elementor-element elementor-element-33d5b2a2 elementor-widget elementor-widget-heading\" data-id=\"33d5b2a2\" data-element_type=\"widget\" data-e-type=\"widget\" data-widget_type=\"heading.default\">\n\t\t\t\t<div class=\"elementor-widget-container\">\n\t\t\t\t\t<h2 class=\"elementor-heading-title elementor-size-default\">Abogada en Nevada Enfocada en Accidentes Personales Defensora de Clientes lesionados\n\n<\/h2>\t\t\t\t<\/div>\n\t\t\t\t<\/div>\n\t\t\t\t<section class=\"elementor-section elementor-inner-section elementor-element elementor-element-7bfa637e elementor-section-boxed elementor-section-height-default elementor-section-height-default\" data-id=\"7bfa637e\" data-element_type=\"section\" data-e-type=\"section\">\n\t\t\t\t\t\t<div class=\"elementor-container elementor-column-gap-default\">\n\t\t\t\t\t<div class=\"elementor-column elementor-col-50 elementor-inner-column elementor-element elementor-element-d1af8ea\" data-id=\"d1af8ea\" data-element_type=\"column\" data-e-type=\"column\">\n\t\t\t<div class=\"elementor-widget-wrap elementor-element-populated\">\n\t\t\t\t\t\t<div class=\"elementor-element elementor-element-327462d5 elementor-widget elementor-widget-image\" data-id=\"327462d5\" data-element_type=\"widget\" data-e-type=\"widget\" data-widget_type=\"image.default\">\n\t\t\t\t<div class=\"elementor-widget-container\">\n\t\t\t\t\t\t\t\t\t\t\t\t\t\t\t<img fetchpriority=\"high\" decoding=\"async\" width=\"750\" height=\"750\" src=\"https:\/\/www.jennylegalnv.com\/wp-content\/uploads\/2021\/04\/Untitled-design-2021-04-22T223039.690.png\" class=\"attachment-large size-large wp-image-1131\" alt=\"\" srcset=\"https:\/\/www.jennylegalnv.com\/wp-content\/uploads\/2021\/04\/Untitled-design-2021-04-22T223039.690.png 1023w, https:\/\/www.jennylegalnv.com\/wp-content\/uploads\/2021\/04\/Untitled-design-2021-04-22T223039.690-300x300.png 300w, https:\/\/www.jennylegalnv.com\/wp-content\/uploads\/2021\/04\/Untitled-design-2021-04-22T223039.690-150x150.png 150w, https:\/\/www.jennylegalnv.com\/wp-content\/uploads\/2021\/04\/Untitled-design-2021-04-22T223039.690-768x768.png 768w\" sizes=\"(max-width: 750px) 100vw, 750px\" style=\"width:100%;height:100%;max-width:1023px\" \/>\t\t\t\t\t\t\t\t\t\t\t\t\t\t\t<\/div>\n\t\t\t\t<\/div>\n\t\t\t\t\t<\/div>\n\t\t<\/div>\n\t\t\t\t<div class=\"elementor-column elementor-col-50 elementor-inner-column elementor-element elementor-element-32f7df7d\" data-id=\"32f7df7d\" data-element_type=\"column\" data-e-type=\"column\">\n\t\t\t<div class=\"elementor-widget-wrap elementor-element-populated\">\n\t\t\t\t\t\t<div class=\"elementor-element elementor-element-77cdb191 elementor-widget elementor-widget-heading\" data-id=\"77cdb191\" data-element_type=\"widget\" data-e-type=\"widget\" data-widget_type=\"heading.default\">\n\t\t\t\t<div class=\"elementor-widget-container\">\n\t\t\t\t\t<h3 class=\"elementor-heading-title elementor-size-default\">ABOGADA CON EXPERIENCIA EN NEVADA QUIEN MANEJA UNA VARIEDAD DE CASOS DE ACCIDENTES <\/h3>\t\t\t\t<\/div>\n\t\t\t\t<\/div>\n\t\t\t\t<div class=\"elementor-element elementor-element-3320081e elementor-widget elementor-widget-text-editor\" data-id=\"3320081e\" data-element_type=\"widget\" data-e-type=\"widget\" data-widget_type=\"text-editor.default\">\n\t\t\t\t<div class=\"elementor-widget-container\">\n\t\t\t\t\t\t\t\t\t<p>Como abogada de accidentes personales en Jenny Legal, yo represento a clientes lesionados que busquen una justa compensaci\u00f3n, por sus p\u00e9rdidas ocasionadas debido a accidentes o incidentes provocados por acciones fallidas de otros. Mi oficina trabaja metodol\u00f3gicamente para demostrar que los culpables son responsables de cubrir gastos m\u00e9dicos, p\u00e9rdida de ingreso, costos de reparaci\u00f3n, dolor y sufrimiento y otros gastos derivados de su accidente. Nosotros representamos a v\u00edctimas de accidentes en el \u00e1rea de Las Vegas y en todo Nevada proporcionando asistencia legal de confianza y sensible.<\/p><p>En Jenny Legal aplicamos medidas pr\u00e1cticas y profesionales para solidificar su caso y obtengan lo m\u00e1ximo por sus da\u00f1os y p\u00e9rdidas. Algunos de los casos de accidentes personales que manejamos son aquellos causados por:<\/p><ul><li>Accidentes de Auto<\/li><li>Accidentes Peatonales<\/li><li>Accidentes por resbal\u00f3n y ca\u00edda<\/li><li>Lesiones de nacimiento<\/li><li>Productos defectuosos<\/li><li>Propiedades inseguras<\/li><li>Abuso<\/li><li>Ataques de animales<\/li><li>Negligencia de negocios<\/li><\/ul>\t\t\t\t\t\t\t\t<\/div>\n\t\t\t\t<\/div>\n\t\t\t\t\t<\/div>\n\t\t<\/div>\n\t\t\t\t\t<\/div>\n\t\t<\/section>\n\t\t\t\t\t<\/div>\n\t\t<\/div>\n\t\t\t\t\t<\/div>\n\t\t<\/section>\n\t\t\t\t<section class=\"elementor-section elementor-top-section elementor-element elementor-element-24eb8ce3 elementor-section-full_width elementor-section-height-default elementor-section-height-default\" data-id=\"24eb8ce3\" data-element_type=\"section\" data-e-type=\"section\" data-settings=\"{&quot;background_background&quot;:&quot;classic&quot;}\">\n\t\t\t\t\t\t<div class=\"elementor-container elementor-column-gap-default\">\n\t\t\t\t\t<div class=\"elementor-column elementor-col-100 elementor-top-column elementor-element elementor-element-341a1e9e\" data-id=\"341a1e9e\" data-element_type=\"column\" data-e-type=\"column\" data-settings=\"{&quot;background_background&quot;:&quot;classic&quot;}\">\n\t\t\t<div class=\"elementor-widget-wrap elementor-element-populated\">\n\t\t\t\t\t\t<div class=\"elementor-element elementor-element-18483aa6 elementor-widget elementor-widget-heading\" data-id=\"18483aa6\" data-element_type=\"widget\" data-e-type=\"widget\" data-widget_type=\"heading.default\">\n\t\t\t\t<div class=\"elementor-widget-container\">\n\t\t\t\t\t<h2 class=\"elementor-heading-title elementor-size-default\"> ABOGADA DEDICADA QUE TRABAJA EFECTIVAMENTE AS\u00cd RESULTADOS FAVORABLES\n<\/h2>\t\t\t\t<\/div>\n\t\t\t\t<\/div>\n\t\t\t\t<div class=\"elementor-element elementor-element-373ea254 elementor-widget elementor-widget-text-editor\" data-id=\"373ea254\" data-element_type=\"widget\" data-e-type=\"widget\" data-widget_type=\"text-editor.default\">\n\t\t\t\t<div class=\"elementor-widget-container\">\n\t\t\t\t\t\t\t\t\t<p><span style=\"font-weight: 400;\">\u00a0En Jenny Legal, su bienestar es nuestra prioridad. Nosotros proveemos asistencia legal personalizada en cada paso de su caso para asegurar el entendimiento de sus opciones legales para su recuperaci\u00f3n. Nuestro enfoque es obtener una justa recompensa sin alargar el caso en corte. En caso de requerirse una litigaci\u00f3n usted puede contar con nuestra determinada representaci\u00f3n durante el proceso.<\/span><\/p><p><span style=\"font-weight: 400;\">\u00a0Las leyes de Nevada establecen un tiempo l\u00edmite para poder abrir un reclamo de accidente personal. Consulte un abogado dedicado a accidentes personales lo m\u00e1s pronto posible para que su reclamo pueda ser presentado ante la corte dentro de los plazos legales. Al poder investigar su reclamo inmediatamente podemos preservar evidencia valorable al igual que testimonios de testigos.<\/span><\/p>\t\t\t\t\t\t\t\t<\/div>\n\t\t\t\t<\/div>\n\t\t\t\t\t<\/div>\n\t\t<\/div>\n\t\t\t\t\t<\/div>\n\t\t<\/section>\n\t\t\t\t<section class=\"elementor-section elementor-top-section elementor-element elementor-element-4158c6e elementor-section-boxed elementor-section-height-default elementor-section-height-default\" data-id=\"4158c6e\" data-element_type=\"section\" data-e-type=\"section\">\n\t\t\t\t\t\t<div class=\"elementor-container elementor-column-gap-default\">\n\t\t\t\t\t<div class=\"elementor-column elementor-col-50 elementor-top-column elementor-element elementor-element-d4f5263\" data-id=\"d4f5263\" data-element_type=\"column\" data-e-type=\"column\">\n\t\t\t<div class=\"elementor-widget-wrap elementor-element-populated\">\n\t\t\t\t\t\t<div class=\"elementor-element elementor-element-4698074b elementor-widget elementor-widget-heading\" data-id=\"4698074b\" data-element_type=\"widget\" data-e-type=\"widget\" data-widget_type=\"heading.default\">\n\t\t\t\t<div class=\"elementor-widget-container\">\n\t\t\t\t\t<h4 class=\"elementor-heading-title elementor-size-default\">Contacte una abogada dedicada en compensaci\u00f3n de trabajadores en Nevada hoy<\/h4>\t\t\t\t<\/div>\n\t\t\t\t<\/div>\n\t\t\t\t<div class=\"elementor-element elementor-element-124092f2 elementor-widget elementor-widget-text-editor\" data-id=\"124092f2\" data-element_type=\"widget\" data-e-type=\"widget\" data-widget_type=\"text-editor.default\">\n\t\t\t\t<div class=\"elementor-widget-container\">\n\t\t\t\t\t\t\t\t\t<p><span style=\"font-weight: 400;\">En Jenny Legal, sabemos de las dificultades a las que se enfrenta y queremos ayudarle con su reclamo de compensaci\u00f3n de trabajadores.<\/span><\/p><p><span style=\"font-weight: 400;\">Llame a nuestra oficina 702-537-0007 o contacte me en l\u00ednea para programar su consulta gratis hoy.<\/span><\/p>\t\t\t\t\t\t\t\t<\/div>\n\t\t\t\t<\/div>\n\t\t\t\t\t<\/div>\n\t\t<\/div>\n\t\t\t\t<div class=\"elementor-column elementor-col-50 elementor-top-column elementor-element elementor-element-6c41aae\" data-id=\"6c41aae\" data-element_type=\"column\" data-e-type=\"column\">\n\t\t\t<div class=\"elementor-widget-wrap elementor-element-populated\">\n\t\t\t\t\t\t<div class=\"elementor-element elementor-element-62571a6 elementor-widget elementor-widget-heading\" data-id=\"62571a6\" data-element_type=\"widget\" data-e-type=\"widget\" data-widget_type=\"heading.default\">\n\t\t\t\t<div class=\"elementor-widget-container\">\n\t\t\t\t\t<h4 class=\"elementor-heading-title elementor-size-default\">Contact Us<\/h4>\t\t\t\t<\/div>\n\t\t\t\t<\/div>\n\t\t\t\t<div class=\"elementor-element elementor-element-1519364 elementor-widget-divider--view-line elementor-widget elementor-widget-divider\" data-id=\"1519364\" data-element_type=\"widget\" data-e-type=\"widget\" data-widget_type=\"divider.default\">\n\t\t\t\t<div class=\"elementor-widget-container\">\n\t\t\t\t\t\t\t<div class=\"elementor-divider\">\n\t\t\t<span class=\"elementor-divider-separator\">\n\t\t\t\t\t\t<\/span>\n\t\t<\/div>\n\t\t\t\t\t\t<\/div>\n\t\t\t\t<\/div>\n\t\t\t\t<div class=\"elementor-element elementor-element-fae4621 elementor-widget elementor-widget-text-editor\" data-id=\"fae4621\" data-element_type=\"widget\" data-e-type=\"widget\" data-widget_type=\"text-editor.default\">\n\t\t\t\t<div class=\"elementor-widget-container\">\n\t\t\t\t\t\t\t\t\t<div class=\"section-base-container\" data-section-id=\"id_63062033-bcb3-5429-ba02-eea28ef5d813\">\n<div id=\"id_63062033-bcb3-5429-ba02-eea28ef5d813\" class=\"section section__bg--light-1 main-content section-contactform section-locations section-gallery section-reviewourfirm section-pagecontent\" data-control=\"section\">\n<div class=\"section--inner container section--light \">\n<div class=\"row equal\">\n<div class=\"col-lg-8 section__column-2 col-sm-12 alias-page_content\">\n<div class=\"wrap__page-content\">\n<div class=\"wrap__page-content--inner\">\n<div class=\"editable__container editable__container \">\n<div class=\" editable__container--inner editable__container--inner\" data-component-name=\"editable\" data-component-alias=\"editable\">\n<p><b>Our Office<\/b><\/p>\n<\/div>\n<\/div>\n<\/div>\n<\/div>\n<\/div>\n<\/div>\n<\/div>\n<\/div>\n<\/div>\t\t\t\t\t\t\t\t<\/div>\n\t\t\t\t<\/div>\n\t\t\t\t<div class=\"elementor-element elementor-element-442b651 elementor-widget elementor-widget-text-editor\" data-id=\"442b651\" data-element_type=\"widget\" data-e-type=\"widget\" data-widget_type=\"text-editor.default\">\n\t\t\t\t<div class=\"elementor-widget-container\">\n\t\t\t\t\t\t\t\t\t<div class=\"section-base-container\" data-section-id=\"id_63062033-bcb3-5429-ba02-eea28ef5d813\"><div id=\"id_63062033-bcb3-5429-ba02-eea28ef5d813\" class=\"section section__bg--light-1 main-content section-contactform section-locations section-gallery section-reviewourfirm section-pagecontent\" data-control=\"section\"><div class=\"section--inner container section--light \"><div class=\"row equal\"><div class=\"col-lg-8 section__column-2 col-sm-12 alias-page_content\"><div class=\"wrap__page-content\"><div class=\"wrap__page-content--inner\"><div class=\"editable__container editable__container \"><div class=\" editable__container--inner editable__container--inner\" data-component-name=\"editable\" data-component-alias=\"editable\"><p><strong><span style=\"text-decoration: underline;\"><span class=\"location__setting-title\">Address<\/span><\/span><\/strong><\/p><p>4484 S. Pecos Rd.<br \/>Las Vegas, Nevada 89121<\/p><div class=\"row location__contacts-wrapper\"><div class=\"location__phone col-sm-12 col-md-6 col-lg-12\"><p><strong><span style=\"text-decoration: underline;\"><span class=\"location__setting-title\">Phone<\/span><\/span><\/strong><\/p><p><a class=\"location__phone-num piwik_ignore\" href=\"tel:17025370007\">702-537-0007<\/a><\/p><\/div><div class=\"location__fax col-sm-12 col-md-6 col-lg-12\"><p><span style=\"text-decoration: underline;\"><strong><span class=\"location__setting-title\">Fax<\/span><\/strong><\/span><\/p><p><a class=\"location__fax-num piwik_ignore\" href=\"tel:17025370169\">702-537-0169<\/a><\/p><\/div><\/div><\/div><\/div><\/div><\/div><\/div><\/div><\/div><\/div><\/div>\t\t\t\t\t\t\t\t<\/div>\n\t\t\t\t<\/div>\n\t\t\t\t\t<\/div>\n\t\t<\/div>\n\t\t\t\t\t<\/div>\n\t\t<\/section>\n\t\t\t\t<section class=\"elementor-section elementor-top-section elementor-element elementor-element-caa6fc7 elementor-section-boxed elementor-section-height-default elementor-section-height-default\" data-id=\"caa6fc7\" data-element_type=\"section\" data-e-type=\"section\">\n\t\t\t\t\t\t<div class=\"elementor-container elementor-column-gap-default\">\n\t\t\t\t\t\t<\/div>\n\t\t<\/section>\n\t\t\t\t<section class=\"elementor-section elementor-top-section elementor-element elementor-element-da10b38 elementor-section-boxed elementor-section-height-default elementor-section-height-default\" data-id=\"da10b38\" data-element_type=\"section\" data-e-type=\"section\">\n\t\t\t\t\t\t<div class=\"elementor-container elementor-column-gap-default\">\n\t\t\t\t\t<div class=\"elementor-column elementor-col-100 elementor-top-column elementor-element elementor-element-e3fb87b\" data-id=\"e3fb87b\" data-element_type=\"column\" data-e-type=\"column\">\n\t\t\t<div class=\"elementor-widget-wrap elementor-element-populated\">\n\t\t\t\t\t\t<div class=\"elementor-element elementor-element-23f8823 elementor-widget elementor-widget-spacer\" data-id=\"23f8823\" data-element_type=\"widget\" data-e-type=\"widget\" data-widget_type=\"spacer.default\">\n\t\t\t\t<div class=\"elementor-widget-container\">\n\t\t\t\t\t\t\t<div class=\"elementor-spacer\">\n\t\t\t<div class=\"elementor-spacer-inner\"><\/div>\n\t\t<\/div>\n\t\t\t\t\t\t<\/div>\n\t\t\t\t<\/div>\n\t\t\t\t\t<\/div>\n\t\t<\/div>\n\t\t\t\t\t<\/div>\n\t\t<\/section>\n\t\t\t\t<\/div>\n\t\t","protected":false},"excerpt":{"rendered":"<p>Accidentes Personales BUFETE DE ABOGADOS SIRVIENDO EL \u00c1REA DE LAS VEGAS QUE AYUDA A V\u00cdCTIMAS A RECUPERAR SU COMPENSACI\u00d3N Abogada en Nevada Enfocada en Accidentes Personales Defensora de Clientes lesionados ABOGADA CON EXPERIENCIA EN NEVADA QUIEN MANEJA UNA VARIEDAD DE CASOS DE ACCIDENTES Como abogada de accidentes personales en Jenny Legal, yo represento a clientes&hellip; <a class=\"more-link\" href=\"https:\/\/www.jennylegalnv.com\/es\/personal-injury\/\">Continue reading <span class=\"screen-reader-text\">Accidentes Personales<\/span><\/a><\/p>\n","protected":false},"author":1,"featured_media":0,"parent":0,"menu_order":0,"comment_status":"closed","ping_status":"closed","template":"elementor_header_footer","meta":{"footnotes":""},"class_list":["post-1232","page","type-page","status-publish","hentry","entry"],"_links":{"self":[{"href":"https:\/\/www.jennylegalnv.com\/es\/wp-json\/wp\/v2\/pages\/1232","targetHints":{"allow":["GET"]}}],"collection":[{"href":"https:\/\/www.jennylegalnv.com\/es\/wp-json\/wp\/v2\/pages"}],"about":[{"href":"https:\/\/www.jennylegalnv.com\/es\/wp-json\/wp\/v2\/types\/page"}],"author":[{"embeddable":true,"href":"https:\/\/www.jennylegalnv.com\/es\/wp-json\/wp\/v2\/users\/1"}],"replies":[{"embeddable":true,"href":"https:\/\/www.jennylegalnv.com\/es\/wp-json\/wp\/v2\/comments?post=1232"}],"version-history":[{"count":13,"href":"https:\/\/www.jennylegalnv.com\/es\/wp-json\/wp\/v2\/pages\/1232\/revisions"}],"predecessor-version":[{"id":1295,"href":"https:\/\/www.jennylegalnv.com\/es\/wp-json\/wp\/v2\/pages\/1232\/revisions\/1295"}],"wp:attachment":[{"href":"https:\/\/www.jennylegalnv.com\/es\/wp-json\/wp\/v2\/media?parent=1232"}],"curies":[{"name":"wp","href":"https:\/\/api.w.org\/{rel}","templated":true}]}}